{"id":70,"date":"2025-04-10T00:46:50","date_gmt":"2025-04-10T00:46:50","guid":{"rendered":"https:\/\/blacklink.online\/?page_id=70"},"modified":"2025-06-04T22:26:27","modified_gmt":"2025-06-04T22:26:27","slug":"servicios","status":"publish","type":"page","link":"https:\/\/blacklink.online\/en\/servicios\/","title":{"rendered":"Services"},"content":{"rendered":"<style>.kadence-column70_b22782-ff > .kt-inside-inner-col{padding-top:2%;padding-right:0%;padding-bottom:2%;padding-left:0%;}.kadence-column70_b22782-ff > .kt-inside-inner-col,.kadence-column70_b22782-ff > .kt-inside-inner-col:before{border-top-left-radius:0px;border-top-right-radius:0px;border-bottom-right-radius:0px;border-bottom-left-radius:0px;}.kadence-column70_b22782-ff > .kt-inside-inner-col{column-gap:var(--global-kb-gap-sm, 1rem);}.kadence-column70_b22782-ff > .kt-inside-inner-col{flex-direction:column;}.kadence-column70_b22782-ff > .kt-inside-inner-col > .aligncenter{width:100%;}.kadence-column70_b22782-ff > .kt-inside-inner-col:before{opacity:0.3;}.kadence-column70_b22782-ff{position:relative;}@media all and (max-width: 1024px){.kadence-column70_b22782-ff > .kt-inside-inner-col{flex-direction:column;}}@media all and (max-width: 767px){.kadence-column70_b22782-ff > .kt-inside-inner-col{flex-direction:column;}}<\/style>\n<div class=\"wp-block-kadence-column kadence-column70_b22782-ff\" id=\"solutions\"><div class=\"kt-inside-inner-col\">\n<h2 class=\"wp-block-heading mobile_only\">Solutions<\/h2>\n\n\n\n<div id=\"soluciones_container\">\n<a href=\"https:\/\/blacklink.online\/en\/seguridad\/\"><img decoding=\"async\" src=\"https:\/\/blacklink.online\/wp-content\/uploads\/2025\/04\/ico1.svg\" alt=\"icon\"><span>Security<\/span><\/a>\n<a href=\"https:\/\/blacklink.online\/en\/networking\/\"><img decoding=\"async\" src=\"https:\/\/blacklink.online\/wp-content\/uploads\/2025\/04\/ico2.svg\" alt=\"icon\"><span>Networking<\/span><\/a>\n<a href=\"https:\/\/blacklink.online\/en\/unified-backup\/\"><img decoding=\"async\" src=\"https:\/\/blacklink.online\/wp-content\/uploads\/2025\/04\/ico3.svg\" alt=\"icon\"><span>Unified Backup<\/span><\/a>\n<a href=\"https:\/\/blacklink.online\/en\/audit-compliance\/\"><img decoding=\"async\" src=\"https:\/\/blacklink.online\/wp-content\/uploads\/2025\/04\/ico4.svg\" alt=\"icon\"><span>Audit &amp; Compliance<\/span><\/a>\n<a href=\"https:\/\/blacklink.online\/en\/rmm-endpoint-management\/\"><img decoding=\"async\" src=\"https:\/\/blacklink.online\/wp-content\/uploads\/2025\/04\/ico5.svg\" alt=\"icon\"><span>RMM\/Endpoint Management<\/span><\/a>\n<a href=\"https:\/\/blacklink.online\/en\/business-services\/\"><img decoding=\"async\" src=\"https:\/\/blacklink.online\/wp-content\/uploads\/2025\/04\/ico6.svg\" alt=\"icon\"><span>Business Services<\/span><\/a>\n<a href=\"https:\/\/blacklink.online\/en\/it-operations\/\"><img decoding=\"async\" src=\"https:\/\/blacklink.online\/wp-content\/uploads\/2025\/04\/ico7.svg\" alt=\"icon\"><span>IT Operations<\/span><\/a>\n<a href=\"https:\/\/blacklink.online\/en\/msp-enablement\/\"><img decoding=\"async\" src=\"https:\/\/blacklink.online\/wp-content\/uploads\/2025\/04\/ico8.svg\" alt=\"icon\"><span>MSP Enablement<\/span><\/a>\n<p>\nOur purpose is to build a world where businesses are not only protected, but also empowered to take full advantage of technology and the most effective digital strategies.\n<p>\n<\/div>\n\n\n\n<h2 class=\"wp-block-heading desktop_only\">Solutions<\/h2>\n<\/div><\/div>\n\n\n<style>.kadence-column70_7fb554-d2 > .kt-inside-inner-col{padding-top:2%;padding-right:5%;padding-bottom:2%;padding-left:5%;}.kadence-column70_7fb554-d2 > .kt-inside-inner-col,.kadence-column70_7fb554-d2 > .kt-inside-inner-col:before{border-top-left-radius:0px;border-top-right-radius:0px;border-bottom-right-radius:0px;border-bottom-left-radius:0px;}.kadence-column70_7fb554-d2 > .kt-inside-inner-col{column-gap:var(--global-kb-gap-sm, 1rem);}.kadence-column70_7fb554-d2 > .kt-inside-inner-col{flex-direction:column;}.kadence-column70_7fb554-d2 > .kt-inside-inner-col > .aligncenter{width:100%;}.kadence-column70_7fb554-d2 > .kt-inside-inner-col{background-image:url('https:\/\/blacklink.online\/wp-content\/uploads\/2025\/04\/contact.jpg');background-size:contain 100%;background-position:center center;background-attachment:scroll;background-repeat:no-repeat;}.kadence-column70_7fb554-d2 > .kt-inside-inner-col:before{opacity:0.3;}.kadence-column70_7fb554-d2{position:relative;}@media all and (max-width: 1024px){.kadence-column70_7fb554-d2 > .kt-inside-inner-col{flex-direction:column;}}@media all and (max-width: 767px){.kadence-column70_7fb554-d2 > .kt-inside-inner-col{flex-direction:column;}}<\/style>\n<div class=\"wp-block-kadence-column kadence-column70_7fb554-d2\" id=\"contact\"><div class=\"kt-inside-inner-col\">\n<h2 class=\"wp-block-heading has-text-align-center\">Contact<\/h2>\n\n\n\n<form method=\"post\" action=\"\/en\/.\/\" name=\"frm_contacto\" data-trp-original-action=\".\/\">\n\t<input type=\"text\" name=\"nombre\" placeholder=\"Name*\" pattern=\"[0-9a-zA-Z-]+\" required \/>\n\t<div class=\"grid2\" style=\"padding-top:0 !important;\">\n\t\t<input type=\"email\" name=\"email\" placeholder=\"E-mail*\" required \/>\n\t\t<input type=\"tel\" name=\"tel\" placeholder=\"Phone\" \/>\n\t<\/div>\n\t<input type=\"text\" name=\"asunto\" placeholder=\"Subject\" \/>\n\t<b style=\"display:block;margin-top:1em;\">What services are you interested in?<\/b>\n\t<div class=\"grid2 grid2mobile\" style=\"margin:0.5em auto;\">\n\t\t<label><div><div><\/div><\/div><input type=\"checkbox\" name=\"servicios\" value=\"Seguridad\" \/> <span>Security<\/span><\/label>\n\t\t<label><div><div><\/div><\/div><input type=\"checkbox\" name=\"servicios\" value=\"Networking\" \/> <span>Networking<\/span><\/label>\n\t\t<label><div><div><\/div><\/div><input type=\"checkbox\" name=\"servicios\" value=\"Unified Backup\" \/> <span>Unified Backup<\/span><\/label>\n\t\t<label><div><div><\/div><\/div><input type=\"checkbox\" name=\"servicios\" value=\"Audit and Compliance\" \/> <span>Audit and Compliance<\/span><\/label>\n\t\t<label><div><div><\/div><\/div><input type=\"checkbox\" name=\"servicios\" value=\"RMM\/Endpoint Management\" \/> <span>RMM\/Endpoint Management<\/span><\/label>\n\t\t<label><div><div><\/div><\/div><input type=\"checkbox\" name=\"servicios\" value=\"Business Services\" \/> <span>Business Services<\/span><\/label>\n\t\t<label><div><div><\/div><\/div><input type=\"checkbox\" name=\"servicios\" value=\"IT Operations\" \/> <span>IT Operations<\/span><\/label>\n\t\t<label><div><div><\/div><\/div><input type=\"checkbox\" name=\"servicios\" value=\"MSP Enablement\" \/> <span>MSP Enablement<\/span><\/label>\n\t<\/div>\n\t<textarea name=\"mensaje\" rows=\"6\" placeholder=\"Message*\" required><\/textarea>\n\t<div class=\"grid2\">\n\t\t<p>Phone: <a href=\"tel:+522228412208\">+52 222 841 2208<\/a><br \/>E-mail: <a href=\"mailto:info@blacklink.us\">info@blacklink.us<\/a><\/p>\n\t\t<span><button type=\"button\" onclick=\"validar_contacto();\">Send<\/button><\/span>\n\t<\/div>\n<input type=\"hidden\" name=\"trp-form-language\" value=\"en\"\/><\/form>\n\n\n\n<p class=\"has-text-align-center\">BLACK LINK. ALL RIGHTS RESERVED. <a href=\"#\">PRIVACY NOTICE<\/a><\/p>\n<\/div><\/div>","protected":false},"excerpt":{"rendered":"<p>Soluciones Seguridad Networking Unified Backup Audit &#038; Compliance RMM\/Endpoint Management Business Services IT Operations MSP Enablement Nuestro prop\u00f3sito es construir un mundo donde las empresas no solo est\u00e9n protegidas, sino tambi\u00e9n capacitadas para aprovechar al m\u00e1ximo la tecnolog\u00eda y las estrategias digitales m\u00e1s efectivas. Soluciones Contacta \u00bfQu\u00e9 servicios le interesan? Seguridad Networking Unified Backup Audit [&hellip;]<\/p>","protected":false},"author":1,"featured_media":0,"parent":0,"menu_order":0,"comment_status":"closed","ping_status":"closed","template":"","meta":{"footnotes":""},"class_list":["post-70","page","type-page","status-publish","hentry"],"_links":{"self":[{"href":"https:\/\/blacklink.online\/en\/wp-json\/wp\/v2\/pages\/70","targetHints":{"allow":["GET"]}}],"collection":[{"href":"https:\/\/blacklink.online\/en\/wp-json\/wp\/v2\/pages"}],"about":[{"href":"https:\/\/blacklink.online\/en\/wp-json\/wp\/v2\/types\/page"}],"author":[{"embeddable":true,"href":"https:\/\/blacklink.online\/en\/wp-json\/wp\/v2\/users\/1"}],"replies":[{"embeddable":true,"href":"https:\/\/blacklink.online\/en\/wp-json\/wp\/v2\/comments?post=70"}],"version-history":[{"count":10,"href":"https:\/\/blacklink.online\/en\/wp-json\/wp\/v2\/pages\/70\/revisions"}],"predecessor-version":[{"id":167,"href":"https:\/\/blacklink.online\/en\/wp-json\/wp\/v2\/pages\/70\/revisions\/167"}],"wp:attachment":[{"href":"https:\/\/blacklink.online\/en\/wp-json\/wp\/v2\/media?parent=70"}],"curies":[{"name":"wp","href":"https:\/\/api.w.org\/{rel}","templated":true}]}}